{"id":1071,"date":"2016-09-27T15:47:43","date_gmt":"2016-09-27T15:47:43","guid":{"rendered":"http:\/\/fitness2.mythemecloud.io\/?page_id=501"},"modified":"2024-11-04T13:26:39","modified_gmt":"2024-11-04T13:26:39","slug":"con-quien-trabajamos","status":"publish","type":"page","link":"https:\/\/ancladospsicologia.com\/?page_id=1071","title":{"rendered":"Con qui\u00e9n trabajamos"},"content":{"rendered":"\t\t<div data-elementor-type=\"wp-post\" data-elementor-id=\"1071\" class=\"elementor elementor-1071\" data-elementor-post-type=\"page\">\n\t\t\t\t\t\t<section class=\"elementor-section elementor-top-section elementor-element elementor-element-59062f0 elementor-section-full_width elementor-section-height-default elementor-section-height-default\" data-id=\"59062f0\" data-element_type=\"section\" data-settings=\"{&quot;background_background&quot;:&quot;classic&quot;}\">\n\t\t\t\t\t\t<div class=\"elementor-container elementor-column-gap-default\">\n\t\t\t\t\t<div class=\"elementor-column elementor-col-100 elementor-top-column elementor-element elementor-element-0cf7c3c\" data-id=\"0cf7c3c\" data-element_type=\"column\">\n\t\t\t<div class=\"elementor-widget-wrap elementor-element-populated\">\n\t\t\t\t<div class=\"elementor-element elementor-element-353786c e-flex e-con-boxed e-con e-parent\" data-id=\"353786c\" data-element_type=\"container\">\n\t\t\t\t\t<div class=\"e-con-inner\">\n\t\t\t\t<div class=\"elementor-element elementor-element-ba5f4f0 elementor-widget elementor-widget-heading\" data-id=\"ba5f4f0\" data-element_type=\"widget\" data-widget_type=\"heading.default\">\n\t\t\t\t\t<h1 class=\"elementor-heading-title elementor-size-default\">Con qui\u00e9n trabajamos<\/h1>\t\t\t\t<\/div>\n\t\t\t\t\t<\/div>\n\t\t\t\t<\/div>\n\t\t\t\t\t<\/div>\n\t\t<\/div>\n\t\t\t\t\t<\/div>\n\t\t<\/section>\n\t\t\t\t<section class=\"elementor-section elementor-top-section elementor-element elementor-element-wyxizls elementor-section-content-middle elementor-section-boxed elementor-section-height-default elementor-section-height-default\" data-id=\"wyxizls\" data-element_type=\"section\">\n\t\t\t\t\t\t<div class=\"elementor-container elementor-column-gap-default\">\n\t\t\t\t\t<div class=\"elementor-column elementor-col-50 elementor-top-column elementor-element elementor-element-ibtffgp\" data-id=\"ibtffgp\" data-element_type=\"column\">\n\t\t\t<div class=\"elementor-widget-wrap elementor-element-populated\">\n\t\t\t\t\t\t<div class=\"elementor-element elementor-element-xdpmieu elementor-widget elementor-widget-heading\" data-id=\"xdpmieu\" data-element_type=\"widget\" data-widget_type=\"heading.default\">\n\t\t\t\t\t<h2 class=\"elementor-heading-title elementor-size-default\">Infancia y adolescencia<\/h2>\t\t\t\t<\/div>\n\t\t\t\t<div class=\"elementor-element elementor-element-nhkduna elementor-widget elementor-widget-text-editor\" data-id=\"nhkduna\" data-element_type=\"widget\" data-widget_type=\"text-editor.default\">\n\t\t\t\t\t\t\t\t\t<p>Los problemas de conducta o emocionales son muy frecuentes a lo largo de la infancia y adolescencia, tanto en el \u00e1mbito escolar, familiar o social.<\/p><p>Nuestras consultas m\u00e1s frecuentes son: miedos y fobias, dificultades escolares, problemas de comportamiento, agresividad y control de la ira, separaci\u00f3n y divorcio, enuresis, problemas de adaptaci\u00f3n y dificultades sociales, ansiedad y depresi\u00f3n.<\/p>\t\t\t\t\t\t\t\t<\/div>\n\t\t\t\t<div class=\"elementor-element elementor-element-2611f2e elementor-align-justify elementor-widget elementor-widget-button\" data-id=\"2611f2e\" data-element_type=\"widget\" data-widget_type=\"button.default\">\n\t\t\t\t\t\t\t\t\t\t<a class=\"elementor-button elementor-button-link elementor-size-sm\" href=\"https:\/\/ancladospsicologia.com\/psicologo-infantil-en-sevilla\/\">\n\t\t\t\t\t\t<span class=\"elementor-button-content-wrapper\">\n\t\t\t\t\t\t\t\t\t<span class=\"elementor-button-text\">Ver m\u00e1s<\/span>\n\t\t\t\t\t<\/span>\n\t\t\t\t\t<\/a>\n\t\t\t\t\t\t\t\t<\/div>\n\t\t\t\t\t<\/div>\n\t\t<\/div>\n\t\t\t\t<div class=\"elementor-column elementor-col-50 elementor-top-column elementor-element elementor-element-bveocsz\" data-id=\"bveocsz\" data-element_type=\"column\">\n\t\t\t<div class=\"elementor-widget-wrap elementor-element-populated\">\n\t\t\t\t\t\t<div class=\"elementor-element elementor-element-fgedytl elementor-widget elementor-widget-image\" data-id=\"fgedytl\" data-element_type=\"widget\" data-widget_type=\"image.default\">\n\t\t\t\t\t\t\t\t\t\t\t\t\t\t\t<img fetchpriority=\"high\" decoding=\"async\" width=\"768\" height=\"768\" src=\"https:\/\/ancladospsicologia.com\/wp-content\/uploads\/2023\/10\/adolescentes02-768x768.jpg\" class=\"attachment-medium_large size-medium_large wp-image-1740\" alt=\"psic\u00f3logo para ni\u00f1os y adolescentes\" srcset=\"https:\/\/ancladospsicologia.com\/wp-content\/uploads\/2023\/10\/adolescentes02-768x768.jpg 768w, https:\/\/ancladospsicologia.com\/wp-content\/uploads\/2023\/10\/adolescentes02-300x300.jpg 300w, https:\/\/ancladospsicologia.com\/wp-content\/uploads\/2023\/10\/adolescentes02-150x150.jpg 150w, https:\/\/ancladospsicologia.com\/wp-content\/uploads\/2023\/10\/adolescentes02-600x600.jpg 600w, https:\/\/ancladospsicologia.com\/wp-content\/uploads\/2023\/10\/adolescentes02.jpg 900w\" sizes=\"(max-width: 768px) 100vw, 768px\" \/>\t\t\t\t\t\t\t\t\t\t\t\t\t\t\t<\/div>\n\t\t\t\t\t<\/div>\n\t\t<\/div>\n\t\t\t\t\t<\/div>\n\t\t<\/section>\n\t\t\t\t<section class=\"elementor-section elementor-top-section elementor-element elementor-element-qfwcgay elementor-section-boxed elementor-section-height-default elementor-section-height-default\" data-id=\"qfwcgay\" data-element_type=\"section\">\n\t\t\t\t\t\t<div class=\"elementor-container elementor-column-gap-default\">\n\t\t\t\t\t<div class=\"elementor-column elementor-col-100 elementor-top-column elementor-element elementor-element-oyyyslh\" data-id=\"oyyyslh\" data-element_type=\"column\">\n\t\t\t<div class=\"elementor-widget-wrap elementor-element-populated\">\n\t\t\t\t\t\t<div class=\"elementor-element elementor-element-dipupel elementor-widget-divider--view-line elementor-widget elementor-widget-divider\" data-id=\"dipupel\" data-element_type=\"widget\" data-widget_type=\"divider.default\">\n\t\t\t\t\t\t\t<div class=\"elementor-divider\">\n\t\t\t<span class=\"elementor-divider-separator\">\n\t\t\t\t\t\t<\/span>\n\t\t<\/div>\n\t\t\t\t\t\t<\/div>\n\t\t\t\t\t<\/div>\n\t\t<\/div>\n\t\t\t\t\t<\/div>\n\t\t<\/section>\n\t\t\t\t<section class=\"elementor-section elementor-top-section elementor-element elementor-element-odekghf elementor-section-content-middle elementor-section-boxed elementor-section-height-default elementor-section-height-default\" data-id=\"odekghf\" data-element_type=\"section\">\n\t\t\t\t\t\t<div class=\"elementor-container elementor-column-gap-default\">\n\t\t\t\t\t<div class=\"elementor-column elementor-col-50 elementor-top-column elementor-element elementor-element-etyqday\" data-id=\"etyqday\" data-element_type=\"column\">\n\t\t\t<div class=\"elementor-widget-wrap elementor-element-populated\">\n\t\t\t\t\t\t<div class=\"elementor-element elementor-element-qplwrtj elementor-widget elementor-widget-image\" data-id=\"qplwrtj\" data-element_type=\"widget\" data-widget_type=\"image.default\">\n\t\t\t\t\t\t\t\t\t\t\t\t\t\t\t<img decoding=\"async\" width=\"768\" height=\"768\" src=\"https:\/\/ancladospsicologia.com\/wp-content\/uploads\/2023\/11\/psicologia-adultos-v2-768x768.jpg\" class=\"attachment-medium_large size-medium_large wp-image-1891\" alt=\"psicolog\u00eda adultos\" srcset=\"https:\/\/ancladospsicologia.com\/wp-content\/uploads\/2023\/11\/psicologia-adultos-v2-768x768.jpg 768w, https:\/\/ancladospsicologia.com\/wp-content\/uploads\/2023\/11\/psicologia-adultos-v2-300x300.jpg 300w, https:\/\/ancladospsicologia.com\/wp-content\/uploads\/2023\/11\/psicologia-adultos-v2-150x150.jpg 150w, https:\/\/ancladospsicologia.com\/wp-content\/uploads\/2023\/11\/psicologia-adultos-v2-600x600.jpg 600w, https:\/\/ancladospsicologia.com\/wp-content\/uploads\/2023\/11\/psicologia-adultos-v2.jpg 900w\" sizes=\"(max-width: 768px) 100vw, 768px\" \/>\t\t\t\t\t\t\t\t\t\t\t\t\t\t\t<\/div>\n\t\t\t\t\t<\/div>\n\t\t<\/div>\n\t\t\t\t<div class=\"elementor-column elementor-col-50 elementor-top-column elementor-element elementor-element-nqzkdoo\" data-id=\"nqzkdoo\" data-element_type=\"column\">\n\t\t\t<div class=\"elementor-widget-wrap elementor-element-populated\">\n\t\t\t\t\t\t<div class=\"elementor-element elementor-element-992a28a elementor-widget elementor-widget-heading\" data-id=\"992a28a\" data-element_type=\"widget\" data-widget_type=\"heading.default\">\n\t\t\t\t\t<h2 class=\"elementor-heading-title elementor-size-default\">Adultos<\/h2>\t\t\t\t<\/div>\n\t\t\t\t<div class=\"elementor-element elementor-element-fbf73fb elementor-widget elementor-widget-text-editor\" data-id=\"fbf73fb\" data-element_type=\"widget\" data-widget_type=\"text-editor.default\">\n\t\t\t\t\t\t\t\t\t<p>A lo largo de la vida surgen infinidad de momentos y situaciones que nos afectan y nos afligen. Circunstancias en las que nos sentimos incluso desbordados, incapaces de hacerles frente, sin recursos.<\/p><p>Muchas de estas situaciones no se pueden evitar, ni controlar. Vienen con la vida, pero <i>s\u00ed<\/i> podemos decidir c\u00f3mo afrontarlas, de qu\u00e9 forma vivirlas.<\/p><p>Por ello es clave la ayuda de un profesional que nos ofrezca el espacio id\u00f3neo en el que ser escuchados, sostenidos y ayudados para hacerles frente y salir enriquecido de aquellas (concepto de <i>resiliencia<\/i>).<\/p><p>Los problemas m\u00e1s frecuentes consultados son los trastornos de ansiedad y el estr\u00e9s, trastornos del estado de \u00e1nimo, adicciones, intervenci\u00f3n en duelo, baja autoestima y dificultades en las relaciones sociales, dependencias y trastornos en el control de los impulsos.<\/p>\t\t\t\t\t\t\t\t<\/div>\n\t\t\t\t<div class=\"elementor-element elementor-element-83963c0 elementor-align-justify elementor-widget elementor-widget-button\" data-id=\"83963c0\" data-element_type=\"widget\" data-widget_type=\"button.default\">\n\t\t\t\t\t\t\t\t\t\t<a class=\"elementor-button elementor-button-link elementor-size-sm\" href=\"https:\/\/ancladospsicologia.com\/terapia-en-adultos\/\">\n\t\t\t\t\t\t<span class=\"elementor-button-content-wrapper\">\n\t\t\t\t\t\t\t\t\t<span class=\"elementor-button-text\">Ver m\u00e1s<\/span>\n\t\t\t\t\t<\/span>\n\t\t\t\t\t<\/a>\n\t\t\t\t\t\t\t\t<\/div>\n\t\t\t\t\t<\/div>\n\t\t<\/div>\n\t\t\t\t\t<\/div>\n\t\t<\/section>\n\t\t\t\t<section class=\"elementor-section elementor-top-section elementor-element elementor-element-gujrtrn elementor-section-boxed elementor-section-height-default elementor-section-height-default\" data-id=\"gujrtrn\" data-element_type=\"section\">\n\t\t\t\t\t\t<div class=\"elementor-container elementor-column-gap-default\">\n\t\t\t\t\t<div class=\"elementor-column elementor-col-100 elementor-top-column elementor-element elementor-element-byuwisz\" data-id=\"byuwisz\" data-element_type=\"column\">\n\t\t\t<div class=\"elementor-widget-wrap elementor-element-populated\">\n\t\t\t\t\t\t<div class=\"elementor-element elementor-element-5a5b745 elementor-widget-divider--view-line elementor-widget elementor-widget-divider\" data-id=\"5a5b745\" data-element_type=\"widget\" data-widget_type=\"divider.default\">\n\t\t\t\t\t\t\t<div class=\"elementor-divider\">\n\t\t\t<span class=\"elementor-divider-separator\">\n\t\t\t\t\t\t<\/span>\n\t\t<\/div>\n\t\t\t\t\t\t<\/div>\n\t\t\t\t\t<\/div>\n\t\t<\/div>\n\t\t\t\t\t<\/div>\n\t\t<\/section>\n\t\t\t\t<section class=\"elementor-section elementor-top-section elementor-element elementor-element-leevfbm elementor-section-content-middle elementor-section-boxed elementor-section-height-default elementor-section-height-default\" data-id=\"leevfbm\" data-element_type=\"section\">\n\t\t\t\t\t\t<div class=\"elementor-container elementor-column-gap-default\">\n\t\t\t\t\t<div class=\"elementor-column elementor-col-50 elementor-top-column elementor-element elementor-element-vguldpe\" data-id=\"vguldpe\" data-element_type=\"column\">\n\t\t\t<div class=\"elementor-widget-wrap elementor-element-populated\">\n\t\t\t\t\t\t<div class=\"elementor-element elementor-element-53710a6 elementor-widget__width-initial elementor-widget elementor-widget-heading\" data-id=\"53710a6\" data-element_type=\"widget\" data-widget_type=\"heading.default\">\n\t\t\t\t\t<h2 class=\"elementor-heading-title elementor-size-default\">Parejas <\/h2>\t\t\t\t<\/div>\n\t\t\t\t<div class=\"elementor-element elementor-element-1c0f30b elementor-widget elementor-widget-text-editor\" data-id=\"1c0f30b\" data-element_type=\"widget\" data-widget_type=\"text-editor.default\">\n\t\t\t\t\t\t\t\t\t<p>Los problemas de pareja constituyen un tema de conflicto muy com\u00fan en la sociedad en la que vivimos.<\/p><p>Para que una pareja sobreviva al paso del tiempo, no s\u00f3lo es necesario quererse. Son imprescindibles una serie de conocimientos y habilidades espec\u00edficas que ayudan a solventar problemas o dificultades que tienden a hacerse cr\u00f3nicas y a \u00abquedarse\u00bb.<\/p><p>De entre los conflictos consultados se encuentran los problemas de comunicaci\u00f3n, la dependencia emocional, celos y problemas sexuales.<\/p>\t\t\t\t\t\t\t\t<\/div>\n\t\t\t\t\t<\/div>\n\t\t<\/div>\n\t\t\t\t<div class=\"elementor-column elementor-col-50 elementor-top-column elementor-element elementor-element-weosoxp\" data-id=\"weosoxp\" data-element_type=\"column\">\n\t\t\t<div class=\"elementor-widget-wrap elementor-element-populated\">\n\t\t\t\t\t\t<div class=\"elementor-element elementor-element-blimtkj elementor-widget elementor-widget-image\" data-id=\"blimtkj\" data-element_type=\"widget\" data-widget_type=\"image.default\">\n\t\t\t\t\t\t\t\t\t\t\t\t\t\t\t<img decoding=\"async\" width=\"900\" height=\"900\" src=\"https:\/\/ancladospsicologia.com\/wp-content\/uploads\/2023\/10\/terapia-de-pareja.jpg\" class=\"attachment-full size-full wp-image-1743\" alt=\"terapia de pareja\" srcset=\"https:\/\/ancladospsicologia.com\/wp-content\/uploads\/2023\/10\/terapia-de-pareja.jpg 900w, https:\/\/ancladospsicologia.com\/wp-content\/uploads\/2023\/10\/terapia-de-pareja-300x300.jpg 300w, https:\/\/ancladospsicologia.com\/wp-content\/uploads\/2023\/10\/terapia-de-pareja-150x150.jpg 150w, https:\/\/ancladospsicologia.com\/wp-content\/uploads\/2023\/10\/terapia-de-pareja-768x768.jpg 768w, https:\/\/ancladospsicologia.com\/wp-content\/uploads\/2023\/10\/terapia-de-pareja-600x600.jpg 600w\" sizes=\"(max-width: 900px) 100vw, 900px\" \/>\t\t\t\t\t\t\t\t\t\t\t\t\t\t\t<\/div>\n\t\t\t\t\t<\/div>\n\t\t<\/div>\n\t\t\t\t\t<\/div>\n\t\t<\/section>\n\t\t<div class=\"elementor-element elementor-element-beb7462 e-flex e-con-boxed e-con e-parent\" data-id=\"beb7462\" data-element_type=\"container\">\n\t\t\t\t\t<div class=\"e-con-inner\">\n\t\t\t\t<div class=\"elementor-element elementor-element-77703cc elementor-widget elementor-widget-spacer\" data-id=\"77703cc\" data-element_type=\"widget\" data-widget_type=\"spacer.default\">\n\t\t\t\t\t\t\t<div class=\"elementor-spacer\">\n\t\t\t<div class=\"elementor-spacer-inner\"><\/div>\n\t\t<\/div>\n\t\t\t\t\t\t<\/div>\n\t\t\t\t\t<\/div>\n\t\t\t\t<\/div>\n\t\t\t\t<\/div>\n\t\t","protected":false},"excerpt":{"rendered":"<p>Con qui\u00e9n trabajamos Infancia y adolescencia Los problemas de conducta o emocionales son muy frecuentes a lo largo de la infancia y adolescencia, tanto en el \u00e1mbito escolar, familiar o social. Nuestras consultas m\u00e1s frecuentes son: miedos y fobias, dificultades escolares, problemas de comportamiento, agresividad y control de la ira, separaci\u00f3n y divorcio, enuresis, problemas [&hellip;]<\/p>\n","protected":false},"author":1,"featured_media":0,"parent":0,"menu_order":0,"comment_status":"closed","ping_status":"closed","template":"","meta":{"inline_featured_image":false,"ocean_post_layout":"full-width","ocean_both_sidebars_style":"","ocean_both_sidebars_content_width":0,"ocean_both_sidebars_sidebars_width":0,"ocean_sidebar":"","ocean_second_sidebar":"","ocean_disable_margins":"enable","ocean_add_body_class":"","ocean_shortcode_before_top_bar":"","ocean_shortcode_after_top_bar":"","ocean_shortcode_before_header":"","ocean_shortcode_after_header":"","ocean_has_shortcode":"","ocean_shortcode_after_title":"","ocean_shortcode_before_footer_widgets":"","ocean_shortcode_after_footer_widgets":"","ocean_shortcode_before_footer_bottom":"","ocean_shortcode_after_footer_bottom":"","ocean_display_top_bar":"default","ocean_display_header":"default","ocean_header_style":"","ocean_center_header_left_menu":"","ocean_custom_header_template":"","ocean_custom_logo":0,"ocean_custom_retina_logo":0,"ocean_custom_logo_max_width":0,"ocean_custom_logo_tablet_max_width":0,"ocean_custom_logo_mobile_max_width":0,"ocean_custom_logo_max_height":0,"ocean_custom_logo_tablet_max_height":0,"ocean_custom_logo_mobile_max_height":0,"ocean_header_custom_menu":"","ocean_menu_typo_font_family":"","ocean_menu_typo_font_subset":"","ocean_menu_typo_font_size":0,"ocean_menu_typo_font_size_tablet":0,"ocean_menu_typo_font_size_mobile":0,"ocean_menu_typo_font_size_unit":"px","ocean_menu_typo_font_weight":"","ocean_menu_typo_font_weight_tablet":"","ocean_menu_typo_font_weight_mobile":"","ocean_menu_typo_transform":"","ocean_menu_typo_transform_tablet":"","ocean_menu_typo_transform_mobile":"","ocean_menu_typo_line_height":0,"ocean_menu_typo_line_height_tablet":0,"ocean_menu_typo_line_height_mobile":0,"ocean_menu_typo_line_height_unit":"","ocean_menu_typo_spacing":0,"ocean_menu_typo_spacing_tablet":0,"ocean_menu_typo_spacing_mobile":0,"ocean_menu_typo_spacing_unit":"","ocean_menu_link_color":"","ocean_menu_link_color_hover":"","ocean_menu_link_color_active":"","ocean_menu_link_background":"","ocean_menu_link_hover_background":"","ocean_menu_link_active_background":"","ocean_menu_social_links_bg":"","ocean_menu_social_hover_links_bg":"","ocean_menu_social_links_color":"","ocean_menu_social_hover_links_color":"","ocean_disable_title":"on","ocean_disable_heading":"default","ocean_post_title":"","ocean_post_subheading":"","ocean_post_title_style":"","ocean_post_title_background_color":"","ocean_post_title_background":0,"ocean_post_title_bg_image_position":"","ocean_post_title_bg_image_attachment":"","ocean_post_title_bg_image_repeat":"","ocean_post_title_bg_image_size":"","ocean_post_title_height":0,"ocean_post_title_bg_overlay":0.5,"ocean_post_title_bg_overlay_color":"","ocean_disable_breadcrumbs":"default","ocean_breadcrumbs_color":"","ocean_breadcrumbs_separator_color":"","ocean_breadcrumbs_links_color":"","ocean_breadcrumbs_links_hover_color":"","ocean_display_footer_widgets":"default","ocean_display_footer_bottom":"default","ocean_custom_footer_template":"","footnotes":""},"class_list":["post-1071","page","type-page","status-publish","hentry","entry"],"_links":{"self":[{"href":"https:\/\/ancladospsicologia.com\/index.php?rest_route=\/wp\/v2\/pages\/1071","targetHints":{"allow":["GET"]}}],"collection":[{"href":"https:\/\/ancladospsicologia.com\/index.php?rest_route=\/wp\/v2\/pages"}],"about":[{"href":"https:\/\/ancladospsicologia.com\/index.php?rest_route=\/wp\/v2\/types\/page"}],"author":[{"embeddable":true,"href":"https:\/\/ancladospsicologia.com\/index.php?rest_route=\/wp\/v2\/users\/1"}],"replies":[{"embeddable":true,"href":"https:\/\/ancladospsicologia.com\/index.php?rest_route=%2Fwp%2Fv2%2Fcomments&post=1071"}],"version-history":[{"count":66,"href":"https:\/\/ancladospsicologia.com\/index.php?rest_route=\/wp\/v2\/pages\/1071\/revisions"}],"predecessor-version":[{"id":2149,"href":"https:\/\/ancladospsicologia.com\/index.php?rest_route=\/wp\/v2\/pages\/1071\/revisions\/2149"}],"wp:attachment":[{"href":"https:\/\/ancladospsicologia.com\/index.php?rest_route=%2Fwp%2Fv2%2Fmedia&parent=1071"}],"curies":[{"name":"wp","href":"https:\/\/api.w.org\/{rel}","templated":true}]}}