{"id":1814,"date":"2023-10-30T07:56:19","date_gmt":"2023-10-30T07:56:19","guid":{"rendered":"https:\/\/ancladospsicologia.com\/?page_id=1814"},"modified":"2023-10-30T07:59:55","modified_gmt":"2023-10-30T07:59:55","slug":"accesibilidad","status":"publish","type":"page","link":"https:\/\/ancladospsicologia.com\/?page_id=1814","title":{"rendered":"Accesibilidad"},"content":{"rendered":"\t\t<div data-elementor-type=\"wp-page\" data-elementor-id=\"1814\" class=\"elementor elementor-1814\" data-elementor-post-type=\"page\">\n\t\t\t\t<div class=\"elementor-element elementor-element-49aa8b0 e-flex e-con-boxed e-con e-parent\" data-id=\"49aa8b0\" data-element_type=\"container\">\n\t\t\t\t\t<div class=\"e-con-inner\">\n\t\t\t\t<div class=\"elementor-element elementor-element-400418f elementor-widget elementor-widget-text-editor\" data-id=\"400418f\" data-element_type=\"widget\" data-widget_type=\"text-editor.default\">\n\t\t\t\t\t\t\t\t\t<h3 class=\"item--title  st-default \" data-wow-delay=\"ms\"><span class=\"ct-text-inner\">DECLARACI\u00d3N DE ACCESIBILIDAD<\/span><\/h3><p>La p\u00e1gina web\u00a0<strong>www.ancladospsicologia.com<\/strong>\u00a0se ha dise\u00f1ado y desarrollado siguiendo los est\u00e1ndares y directrices establecidos por la WCAG 2.1 (Web Content Accessibility Guidelines) del W3C (World Wide Web Consortium) para asegurar la accesibilidad a todos los usuarios, incluyendo aquellos con discapacidades.<\/p><p>Se han implementado diversas medidas para mejorar la accesibilidad de la p\u00e1gina web, como el uso de texto alternativo para im\u00e1genes, la utilizaci\u00f3n de etiquetas adecuadas para la estructura del contenido, el aumento del contraste de los elementos visuales y la posibilidad de navegar mediante el teclado.<\/p><p>Adem\u00e1s, la p\u00e1gina web cuenta con un formulario de contacto y la direcci\u00f3n de correo electr\u00f3nico\u00a0<a href=\"mailto:info@careandjoy.com\">info@careandjoy.com<\/a>\u00a0para que los usuarios puedan informar de cualquier problema de accesibilidad o solicitar ayuda para acceder al contenido.<\/p><p>Nos comprometemos a seguir mejorando la accesibilidad de la p\u00e1gina web y a proporcionar una experiencia de usuario accesible para todos los visitantes.<\/p><p>Fecha de emisi\u00f3n: 30 de octubre de 2023.<\/p><p><strong>Contacto: <a href=\"mailto:ancladospsicologia@gmail.com\">ancladospsicologia@gmail.com<\/a><\/strong><\/p>\t\t\t\t\t\t\t\t<\/div>\n\t\t\t\t\t<\/div>\n\t\t\t\t<\/div>\n\t\t\t\t<\/div>\n\t\t","protected":false},"excerpt":{"rendered":"<p>DECLARACI\u00d3N DE ACCESIBILIDAD La p\u00e1gina web\u00a0www.ancladospsicologia.com\u00a0se ha dise\u00f1ado y desarrollado siguiendo los est\u00e1ndares y directrices establecidos por la WCAG 2.1 (Web Content Accessibility Guidelines) del W3C (World Wide Web Consortium) para asegurar la accesibilidad a todos los usuarios, incluyendo aquellos con discapacidades. Se han implementado diversas medidas para mejorar la accesibilidad de la p\u00e1gina web, [&hellip;]<\/p>\n","protected":false},"author":1,"featured_media":0,"parent":0,"menu_order":0,"comment_status":"closed","ping_status":"closed","template":"","meta":{"inline_featured_image":false,"ocean_post_layout":"","ocean_both_sidebars_style":"","ocean_both_sidebars_content_width":0,"ocean_both_sidebars_sidebars_width":0,"ocean_sidebar":"","ocean_second_sidebar":"","ocean_disable_margins":"enable","ocean_add_body_class":"","ocean_shortcode_before_top_bar":"","ocean_shortcode_after_top_bar":"","ocean_shortcode_before_header":"","ocean_shortcode_after_header":"","ocean_has_shortcode":"","ocean_shortcode_after_title":"","ocean_shortcode_before_footer_widgets":"","ocean_shortcode_after_footer_widgets":"","ocean_shortcode_before_footer_bottom":"","ocean_shortcode_after_footer_bottom":"","ocean_display_top_bar":"default","ocean_display_header":"default","ocean_header_style":"","ocean_center_header_left_menu":"","ocean_custom_header_template":"","ocean_custom_logo":0,"ocean_custom_retina_logo":0,"ocean_custom_logo_max_width":0,"ocean_custom_logo_tablet_max_width":0,"ocean_custom_logo_mobile_max_width":0,"ocean_custom_logo_max_height":0,"ocean_custom_logo_tablet_max_height":0,"ocean_custom_logo_mobile_max_height":0,"ocean_header_custom_menu":"","ocean_menu_typo_font_family":"","ocean_menu_typo_font_subset":"","ocean_menu_typo_font_size":0,"ocean_menu_typo_font_size_tablet":0,"ocean_menu_typo_font_size_mobile":0,"ocean_menu_typo_font_size_unit":"px","ocean_menu_typo_font_weight":"","ocean_menu_typo_font_weight_tablet":"","ocean_menu_typo_font_weight_mobile":"","ocean_menu_typo_transform":"","ocean_menu_typo_transform_tablet":"","ocean_menu_typo_transform_mobile":"","ocean_menu_typo_line_height":0,"ocean_menu_typo_line_height_tablet":0,"ocean_menu_typo_line_height_mobile":0,"ocean_menu_typo_line_height_unit":"","ocean_menu_typo_spacing":0,"ocean_menu_typo_spacing_tablet":0,"ocean_menu_typo_spacing_mobile":0,"ocean_menu_typo_spacing_unit":"","ocean_menu_link_color":"","ocean_menu_link_color_hover":"","ocean_menu_link_color_active":"","ocean_menu_link_background":"","ocean_menu_link_hover_background":"","ocean_menu_link_active_background":"","ocean_menu_social_links_bg":"","ocean_menu_social_hover_links_bg":"","ocean_menu_social_links_color":"","ocean_menu_social_hover_links_color":"","ocean_disable_title":"default","ocean_disable_heading":"default","ocean_post_title":"","ocean_post_subheading":"","ocean_post_title_style":"","ocean_post_title_background_color":"","ocean_post_title_background":0,"ocean_post_title_bg_image_position":"","ocean_post_title_bg_image_attachment":"","ocean_post_title_bg_image_repeat":"","ocean_post_title_bg_image_size":"","ocean_post_title_height":0,"ocean_post_title_bg_overlay":0.5,"ocean_post_title_bg_overlay_color":"","ocean_disable_breadcrumbs":"default","ocean_breadcrumbs_color":"","ocean_breadcrumbs_separator_color":"","ocean_breadcrumbs_links_color":"","ocean_breadcrumbs_links_hover_color":"","ocean_display_footer_widgets":"default","ocean_display_footer_bottom":"default","ocean_custom_footer_template":"","footnotes":""},"class_list":["post-1814","page","type-page","status-publish","hentry","entry"],"_links":{"self":[{"href":"https:\/\/ancladospsicologia.com\/index.php?rest_route=\/wp\/v2\/pages\/1814","targetHints":{"allow":["GET"]}}],"collection":[{"href":"https:\/\/ancladospsicologia.com\/index.php?rest_route=\/wp\/v2\/pages"}],"about":[{"href":"https:\/\/ancladospsicologia.com\/index.php?rest_route=\/wp\/v2\/types\/page"}],"author":[{"embeddable":true,"href":"https:\/\/ancladospsicologia.com\/index.php?rest_route=\/wp\/v2\/users\/1"}],"replies":[{"embeddable":true,"href":"https:\/\/ancladospsicologia.com\/index.php?rest_route=%2Fwp%2Fv2%2Fcomments&post=1814"}],"version-history":[{"count":4,"href":"https:\/\/ancladospsicologia.com\/index.php?rest_route=\/wp\/v2\/pages\/1814\/revisions"}],"predecessor-version":[{"id":1818,"href":"https:\/\/ancladospsicologia.com\/index.php?rest_route=\/wp\/v2\/pages\/1814\/revisions\/1818"}],"wp:attachment":[{"href":"https:\/\/ancladospsicologia.com\/index.php?rest_route=%2Fwp%2Fv2%2Fmedia&parent=1814"}],"curies":[{"name":"wp","href":"https:\/\/api.w.org\/{rel}","templated":true}]}}