{"id":2065,"date":"2024-09-03T10:37:41","date_gmt":"2024-09-03T10:37:41","guid":{"rendered":"https:\/\/ancladospsicologia.com\/?page_id=2065"},"modified":"2025-01-19T19:13:45","modified_gmt":"2025-01-19T19:13:45","slug":"terapia-para-el-trastorno-por-deficit-de-atencion-tdah","status":"publish","type":"page","link":"https:\/\/ancladospsicologia.com\/?page_id=2065","title":{"rendered":"Terapia para el trastorno por d\u00e9ficit de atenci\u00f3n: TDAH"},"content":{"rendered":"\t\t<div data-elementor-type=\"wp-page\" data-elementor-id=\"2065\" class=\"elementor elementor-2065\" data-elementor-post-type=\"page\">\n\t\t\t\t<div class=\"elementor-element elementor-element-95b2227 e-flex e-con-boxed e-con e-parent\" data-id=\"95b2227\" data-element_type=\"container\">\n\t\t\t\t\t<div class=\"e-con-inner\">\n\t\t\t\t<div class=\"elementor-element elementor-element-9217e86 elementor-widget elementor-widget-text-editor\" data-id=\"9217e86\" data-element_type=\"widget\" data-widget_type=\"text-editor.default\">\n\t\t\t\t\t\t\t\t\t<p><span style=\"font-weight: 400;\">\u00bfSientes que tu hijo est\u00e1 constantemente distra\u00eddo o que tiene dificultades para concentrarse? Ver c\u00f3mo lucha con tareas cotidianas puede ser angustiante. Si sospechas que tu hijo puede tener Trastorno por D\u00e9ficit de Atenci\u00f3n e Hiperactividad (TDAH), estamos aqu\u00ed para ayudarte a entender, diagnosticar y manejar el TDAH de manera efectiva.\u00a0<\/span><\/p>\t\t\t\t\t\t\t\t<\/div>\n\t\t\t\t\t<\/div>\n\t\t\t\t<\/div>\n\t\t<div class=\"elementor-element elementor-element-a536175 e-flex e-con-boxed e-con e-parent\" data-id=\"a536175\" data-element_type=\"container\">\n\t\t\t\t\t<div class=\"e-con-inner\">\n\t\t\t\t<div class=\"elementor-element elementor-element-791cfd3 elementor-align-center elementor-mobile-align-center elementor-widget elementor-widget-button\" data-id=\"791cfd3\" data-element_type=\"widget\" data-widget_type=\"button.default\">\n\t\t\t\t\t\t\t\t\t\t<a class=\"elementor-button elementor-button-link elementor-size-sm\" href=\"#\">\n\t\t\t\t\t\t<span class=\"elementor-button-content-wrapper\">\n\t\t\t\t\t\t\t\t\t<span class=\"elementor-button-text\">Pedir una consulta GRATUITA<\/span>\n\t\t\t\t\t<\/span>\n\t\t\t\t\t<\/a>\n\t\t\t\t\t\t\t\t<\/div>\n\t\t\t\t\t<\/div>\n\t\t\t\t<\/div>\n\t\t<div class=\"elementor-element elementor-element-7e2848e e-flex e-con-boxed e-con e-parent\" data-id=\"7e2848e\" data-element_type=\"container\">\n\t\t\t\t\t<div class=\"e-con-inner\">\n\t\t\t\t<div class=\"elementor-element elementor-element-1c271c4 elementor-widget elementor-widget-heading\" data-id=\"1c271c4\" data-element_type=\"widget\" data-widget_type=\"heading.default\">\n\t\t\t\t\t<h2 class=\"elementor-heading-title elementor-size-default\">\u00bfQu\u00e9 es el Trastorno por D\u00e9ficit de Atenci\u00f3n e Hiperactividad?\n<\/h2>\t\t\t\t<\/div>\n\t\t\t\t<div class=\"elementor-element elementor-element-187216c elementor-widget elementor-widget-text-editor\" data-id=\"187216c\" data-element_type=\"widget\" data-widget_type=\"text-editor.default\">\n\t\t\t\t\t\t\t\t\t<p><span style=\"font-weight: 400;\">El TDAH se caracteriza por un patr\u00f3n persistente de distracci\u00f3n o actividad excesiva que afecta la vida cotidiana de los ni\u00f1os que lo padecen. Al hablar de distracci\u00f3n nos referimos a la dificultad para concentrarse en tareas o dar la sensaci\u00f3n de que no escuchan.<\/span><\/p><p><span style=\"font-weight: 400;\">Pueden ser muy inquietos, interrumpir a otras personas, moverse mucho o tener problemas para esperar su turno. El TDAH no desaparece al crecer, puede afectar al desempe\u00f1o social, acad\u00e9mico y personal. Puede manifestarse en distintos grados de intensidad.<\/span><\/p>\t\t\t\t\t\t\t\t<\/div>\n\t\t\t\t\t<\/div>\n\t\t\t\t<\/div>\n\t\t<div class=\"elementor-element elementor-element-fd39b92 e-flex e-con-boxed e-con e-parent\" data-id=\"fd39b92\" data-element_type=\"container\">\n\t\t\t\t\t<div class=\"e-con-inner\">\n\t\t\t\t<div class=\"elementor-element elementor-element-8d813f3 elementor-widget elementor-widget-heading\" data-id=\"8d813f3\" data-element_type=\"widget\" data-widget_type=\"heading.default\">\n\t\t\t\t\t<h3 class=\"elementor-heading-title elementor-size-default\">Dificultad para mantener la atenci\u00f3n<\/h3>\t\t\t\t<\/div>\n\t\t\t\t<div class=\"elementor-element elementor-element-e4d2352 elementor-widget elementor-widget-text-editor\" data-id=\"e4d2352\" data-element_type=\"widget\" data-widget_type=\"text-editor.default\">\n\t\t\t\t\t\t\t\t\t<p><span style=\"font-weight: 400;\">Los ni\u00f1os con TDAH pueden tener problemas para mantener la concentraci\u00f3n en tareas escolares, actividades o conversaciones, ya que pueden distraerse f\u00e1cilmente por est\u00edmulos externos.\u00a0<\/span><\/p>\t\t\t\t\t\t\t\t<\/div>\n\t\t\t\t\t<\/div>\n\t\t\t\t<\/div>\n\t\t<div class=\"elementor-element elementor-element-86ef466 e-flex e-con-boxed e-con e-parent\" data-id=\"86ef466\" data-element_type=\"container\">\n\t\t\t\t\t<div class=\"e-con-inner\">\n\t\t\t\t<div class=\"elementor-element elementor-element-a89a62f elementor-widget elementor-widget-heading\" data-id=\"a89a62f\" data-element_type=\"widget\" data-widget_type=\"heading.default\">\n\t\t\t\t\t<h3 class=\"elementor-heading-title elementor-size-default\">Impulsividad <\/h3>\t\t\t\t<\/div>\n\t\t\t\t<div class=\"elementor-element elementor-element-baab3b2 elementor-widget elementor-widget-text-editor\" data-id=\"baab3b2\" data-element_type=\"widget\" data-widget_type=\"text-editor.default\">\n\t\t\t\t\t\t\t\t\t<p><span style=\"font-weight: 400;\">Pueden actuar sin pensar las consecuencias, interrumpir a otros, hablar en exceso o tener dificultades para esperar su turno.<\/span><\/p>\t\t\t\t\t\t\t\t<\/div>\n\t\t\t\t\t<\/div>\n\t\t\t\t<\/div>\n\t\t<div class=\"elementor-element elementor-element-51e583b e-flex e-con-boxed e-con e-parent\" data-id=\"51e583b\" data-element_type=\"container\">\n\t\t\t\t\t<div class=\"e-con-inner\">\n\t\t\t\t<div class=\"elementor-element elementor-element-ecbd871 elementor-widget elementor-widget-heading\" data-id=\"ecbd871\" data-element_type=\"widget\" data-widget_type=\"heading.default\">\n\t\t\t\t\t<h3 class=\"elementor-heading-title elementor-size-default\">Dificultad para la organizaci\u00f3n\n<\/h3>\t\t\t\t<\/div>\n\t\t\t\t<div class=\"elementor-element elementor-element-77d2ad9 elementor-widget elementor-widget-text-editor\" data-id=\"77d2ad9\" data-element_type=\"widget\" data-widget_type=\"text-editor.default\">\n\t\t\t\t\t\t\t\t\t<p><span style=\"font-weight: 400;\">Mantener el orden en sus cosas les resulta complicado, suelen olvidar tareas o perder objetos, incluso experimentar problemas para completar tareas debido a su falta de planificaci\u00f3n.<\/span><\/p>\t\t\t\t\t\t\t\t<\/div>\n\t\t\t\t\t<\/div>\n\t\t\t\t<\/div>\n\t\t<div class=\"elementor-element elementor-element-fb6ede6 e-flex e-con-boxed e-con e-parent\" data-id=\"fb6ede6\" data-element_type=\"container\">\n\t\t\t\t\t<div class=\"e-con-inner\">\n\t\t\t\t<div class=\"elementor-element elementor-element-13785ca elementor-widget elementor-widget-heading\" data-id=\"13785ca\" data-element_type=\"widget\" data-widget_type=\"heading.default\">\n\t\t\t\t\t<h3 class=\"elementor-heading-title elementor-size-default\">Hiperactividad \n<\/h3>\t\t\t\t<\/div>\n\t\t\t\t<div class=\"elementor-element elementor-element-26617b9 elementor-widget elementor-widget-text-editor\" data-id=\"26617b9\" data-element_type=\"widget\" data-widget_type=\"text-editor.default\">\n\t\t\t\t\t\t\t\t\t<p><span style=\"font-weight: 400;\">Los ni\u00f1os con TDAH pueden mostrar un nivel de actividad f\u00edsica m\u00e1s alto de lo esperado. Puede manifestarse de distintas formas, desde correr en momentos inapropiados o hasta moverse constantemente en su asiento. <\/span><\/p>\t\t\t\t\t\t\t\t<\/div>\n\t\t\t\t\t<\/div>\n\t\t\t\t<\/div>\n\t\t<div class=\"elementor-element elementor-element-3507eea e-flex e-con-boxed e-con e-parent\" data-id=\"3507eea\" data-element_type=\"container\">\n\t\t\t\t\t<div class=\"e-con-inner\">\n\t\t\t\t<div class=\"elementor-element elementor-element-0b523af elementor-widget elementor-widget-heading\" data-id=\"0b523af\" data-element_type=\"widget\" data-widget_type=\"heading.default\">\n\t\t\t\t\t<h3 class=\"elementor-heading-title elementor-size-default\">Dificultad para la autorregulaci\u00f3n emocional\n<\/h3>\t\t\t\t<\/div>\n\t\t\t\t<div class=\"elementor-element elementor-element-03d3587 elementor-widget elementor-widget-text-editor\" data-id=\"03d3587\" data-element_type=\"widget\" data-widget_type=\"text-editor.default\">\n\t\t\t\t\t\t\t\t\t<p><span style=\"font-weight: 400;\">Pueden tener cambios de humor intensos y r\u00e1pidos, as\u00ed como dificultad para manejar la frustraci\u00f3n, lo que puede llevar a reacciones emocionales desproporcionadas.<\/span><\/p>\t\t\t\t\t\t\t\t<\/div>\n\t\t\t\t\t<\/div>\n\t\t\t\t<\/div>\n\t\t<div class=\"elementor-element elementor-element-c64bbe9 e-flex e-con-boxed e-con e-parent\" data-id=\"c64bbe9\" data-element_type=\"container\">\n\t\t\t\t\t<div class=\"e-con-inner\">\n\t\t\t\t<div class=\"elementor-element elementor-element-730cc07 elementor-widget elementor-widget-heading\" data-id=\"730cc07\" data-element_type=\"widget\" data-widget_type=\"heading.default\">\n\t\t\t\t\t<h3 class=\"elementor-heading-title elementor-size-default\">Problemas para finalizar tareas y la gesti\u00f3n de tiempo\n<\/h3>\t\t\t\t<\/div>\n\t\t\t\t<div class=\"elementor-element elementor-element-2c56913 elementor-widget elementor-widget-text-editor\" data-id=\"2c56913\" data-element_type=\"widget\" data-widget_type=\"text-editor.default\">\n\t\t\t\t\t\t\t\t\t<p><span style=\"font-weight: 400;\">Suelen comenzar m\u00faltiples tareas, pero tienen dificultades para completarlas, lo que puede resultar en una serie de de proyectos inacabados y problemas para cumplir con plazos. <\/span><\/p>\t\t\t\t\t\t\t\t<\/div>\n\t\t\t\t\t<\/div>\n\t\t\t\t<\/div>\n\t\t<div class=\"elementor-element elementor-element-12456c3 e-flex e-con-boxed e-con e-parent\" data-id=\"12456c3\" data-element_type=\"container\">\n\t\t\t\t\t<div class=\"e-con-inner\">\n\t\t\t\t<div class=\"elementor-element elementor-element-af6f493 elementor-widget elementor-widget-heading\" data-id=\"af6f493\" data-element_type=\"widget\" data-widget_type=\"heading.default\">\n\t\t\t\t\t<h3 class=\"elementor-heading-title elementor-size-default\">Habilidades sociales \n<\/h3>\t\t\t\t<\/div>\n\t\t\t\t<div class=\"elementor-element elementor-element-6133fbb elementor-widget elementor-widget-text-editor\" data-id=\"6133fbb\" data-element_type=\"widget\" data-widget_type=\"text-editor.default\">\n\t\t\t\t\t\t\t\t\t<p><span style=\"font-weight: 400;\">Pueden experimentar dificultades para leer las se\u00f1ales sociales, lo que puede resultar en problemas para establecer y mantener amistades. <\/span><\/p>\t\t\t\t\t\t\t\t<\/div>\n\t\t\t\t\t<\/div>\n\t\t\t\t<\/div>\n\t\t<div class=\"elementor-element elementor-element-007b549 e-flex e-con-boxed e-con e-parent\" data-id=\"007b549\" data-element_type=\"container\">\n\t\t\t\t\t<div class=\"e-con-inner\">\n\t\t\t\t<div class=\"elementor-element elementor-element-0d781bb elementor-widget elementor-widget-text-editor\" data-id=\"0d781bb\" data-element_type=\"widget\" data-widget_type=\"text-editor.default\">\n\t\t\t\t\t\t\t\t\t<h2>El papel de los padres es fundamental en el diagn\u00f3stico y tratamiento del TDAH, ya que tienen un papel crucial en la identificaci\u00f3n temprana de los s\u00edntomas, la b\u00fasqueda de ayuda y la colaboraci\u00f3n en el plan de acci\u00f3n.<\/h2>\t\t\t\t\t\t\t\t<\/div>\n\t\t\t\t\t<\/div>\n\t\t\t\t<\/div>\n\t\t<div class=\"elementor-element elementor-element-805bace e-flex e-con-boxed e-con e-parent\" data-id=\"805bace\" data-element_type=\"container\">\n\t\t\t\t\t<div class=\"e-con-inner\">\n\t\t\t\t<div class=\"elementor-element elementor-element-2cdd154 elementor-widget elementor-widget-heading\" data-id=\"2cdd154\" data-element_type=\"widget\" data-widget_type=\"heading.default\">\n\t\t\t\t\t<h3 class=\"elementor-heading-title elementor-size-default\">\u00bfC\u00f3mo se diagn\u00f3stica el TDAH infantil?<\/h3>\t\t\t\t<\/div>\n\t\t\t\t<div class=\"elementor-element elementor-element-6d19cb8 elementor-widget elementor-widget-text-editor\" data-id=\"6d19cb8\" data-element_type=\"widget\" data-widget_type=\"text-editor.default\">\n\t\t\t\t\t\t\t\t\t<p><span style=\"font-weight: 400;\">Reconocer los signos de alarma en casa y en el colegio es esencial para un diagn\u00f3stico temprano.\u00a0<\/span><\/p><p><span style=\"font-weight: 400;\">El diagn\u00f3stico del TDAH suele realizarse en edades avanzadas. Sin embargo, cuanto antes se realice el diagn\u00f3stico, mayor ser\u00e1 la mejora en la calidad de vida del ni\u00f1o. Comenzar a recibir el apoyo necesario, facilitar\u00e1 alcanzar un desarrollo completo y experimentar una vida m\u00e1s feliz.\u00a0<\/span><\/p><ol><li style=\"font-weight: 400;\" aria-level=\"1\"><b>Entrevista inicial<\/b><span style=\"font-weight: 400;\">. El primer paso es una entrevista con los padres para recopilar informaci\u00f3n detallada sobre el desarrollo del ni\u00f1o, su historia m\u00e9dica y de conducta, as\u00ed como los s\u00edntomas que est\u00e1n preocupando como familia.<\/span><\/li><li style=\"font-weight: 400;\" aria-level=\"1\"><b>Evaluaci\u00f3n del historial escolar<\/b><span style=\"font-weight: 400;\">. Es esencial recopilar informaci\u00f3n de la escuela, desde informes de los profesores sobre el rendimiento acad\u00e9mico, el comportamiento en clase y la interacci\u00f3n social con el resto de ni\u00f1os.<\/span><\/li><li style=\"font-weight: 400;\" aria-level=\"1\"><b>Cuestionarios y escalas de evaluaci\u00f3n<\/b><span style=\"font-weight: 400;\">. Realizaci\u00f3n de cuestionarios dise\u00f1ados para evaluar los s\u00edntomas del TDAH en diferentes entornos. Puede ser necesario que los realicen los ni\u00f1os, pero tambi\u00e9n los padres y profesores.<\/span><\/li><li style=\"font-weight: 400;\" aria-level=\"1\"><b>Diagn\u00f3stico e informe<\/b><span style=\"font-weight: 400;\">. Una vez recopilada toda la informaci\u00f3n, entregamos el informe. Si se ha diagnosticado TDAH, ofrecer\u00e1 pautas y recomendaciones para los distintos contextos del ni\u00f1o.<\/span><\/li><\/ol>\t\t\t\t\t\t\t\t<\/div>\n\t\t\t\t\t<\/div>\n\t\t\t\t<\/div>\n\t\t<div class=\"elementor-element elementor-element-c8d2df6 e-flex e-con-boxed e-con e-parent\" data-id=\"c8d2df6\" data-element_type=\"container\">\n\t\t\t\t\t<div class=\"e-con-inner\">\n\t\t\t\t<div class=\"elementor-element elementor-element-345d6b6 elementor-widget elementor-widget-heading\" data-id=\"345d6b6\" data-element_type=\"widget\" data-widget_type=\"heading.default\">\n\t\t\t\t\t<h2 class=\"elementor-heading-title elementor-size-default\">C\u00f3mo son las sesiones de terapia para el TDAH en ni\u00f1os<\/h2>\t\t\t\t<\/div>\n\t\t\t\t<div class=\"elementor-element elementor-element-b39854d elementor-widget elementor-widget-text-editor\" data-id=\"b39854d\" data-element_type=\"widget\" data-widget_type=\"text-editor.default\">\n\t\t\t\t\t\t\t\t\t<p><span style=\"font-weight: 400;\">Nuestras sesiones de terapia para ni\u00f1os con TDAH est\u00e1n dise\u00f1adas para ser din\u00e1micas, efectivas y adaptadas a las necesidades individuales de cada ni\u00f1o. Utilizamos un enfoque que combina terapia cognitivo-conductual, entrenamiento en habilidades sociales y t\u00e9cnicas de mindfulness adaptadas para ni\u00f1os.<\/span><\/p><p>\u00a0<\/p><p><span style=\"font-weight: 400;\">En cada sesi\u00f3n, trabajamos en desarrollar habilidades clave como la atenci\u00f3n sostenida, el control de impulsos y la organizaci\u00f3n. Utilizamos juegos terap\u00e9uticos, actividades interactivas y ejercicios pr\u00e1cticos que hacen que el aprendizaje sea divertido y efectivo.<\/span><\/p><p><span style=\"font-weight: 400;\">Nuestro objetivo es que el ni\u00f1o no solo mejore en la consulta, sino que pueda aplicar lo aprendido en su vida diaria.<\/span><\/p><p><span style=\"font-weight: 400;\">Proporcionamos herramientas concretas para usar en el colegio, como t\u00e9cnicas de manejo del tiempo, estrategias de planificaci\u00f3n y m\u00e9todos para mantener la concentraci\u00f3n durante las clases.\u00a0<\/span><\/p><p><span style=\"font-weight: 400;\">Para el hogar, ofrecemos a los padres estrategias de refuerzo positivo, t\u00e9cnicas para establecer rutinas efectivas y m\u00e9todos para crear un ambiente de estudio \u00f3ptimo.<\/span><\/p><p><span style=\"font-weight: 400;\">Adem\u00e1s, mantenemos una comunicaci\u00f3n constante con padres y profesores, asegur\u00e1ndonos de que todos est\u00e9n alineados en el apoyo al ni\u00f1o. Nuestro enfoque integral no solo ayuda a manejar los s\u00edntomas del TDAH, sino que tambi\u00e9n fortalece la autoestima y las habilidades sociales del ni\u00f1o, prepar\u00e1ndolo para un futuro exitoso.<\/span><\/p>\t\t\t\t\t\t\t\t<\/div>\n\t\t\t\t\t<\/div>\n\t\t\t\t<\/div>\n\t\t<div class=\"elementor-element elementor-element-f6a6cce e-flex e-con-boxed e-con e-parent\" data-id=\"f6a6cce\" data-element_type=\"container\">\n\t\t\t\t\t<div class=\"e-con-inner\">\n\t\t\t\t<div class=\"elementor-element elementor-element-6fb6223 elementor-widget elementor-widget-heading\" data-id=\"6fb6223\" data-element_type=\"widget\" data-widget_type=\"heading.default\">\n\t\t\t\t\t<h2 class=\"elementor-heading-title elementor-size-default\">\u00bfEst\u00e1s buscando una terapia infantil para TDAH que marque la diferencia en la vida de tu hijo? El equipo de Anclados Psicolog\u00eda est\u00e1 aqu\u00ed para ayudarte.<\/h2>\t\t\t\t<\/div>\n\t\t\t\t<div class=\"elementor-element elementor-element-3b26244 elementor-align-center elementor-mobile-align-center elementor-widget elementor-widget-button\" data-id=\"3b26244\" data-element_type=\"widget\" data-widget_type=\"button.default\">\n\t\t\t\t\t\t\t\t\t\t<a class=\"elementor-button elementor-button-link elementor-size-sm\" href=\"#\">\n\t\t\t\t\t\t<span class=\"elementor-button-content-wrapper\">\n\t\t\t\t\t\t\t\t\t<span class=\"elementor-button-text\">Pide tu primera llamada gratuita<\/span>\n\t\t\t\t\t<\/span>\n\t\t\t\t\t<\/a>\n\t\t\t\t\t\t\t\t<\/div>\n\t\t\t\t\t<\/div>\n\t\t\t\t<\/div>\n\t\t\t\t<\/div>\n\t\t","protected":false},"excerpt":{"rendered":"<p>\u00bfSientes que tu hijo est\u00e1 constantemente distra\u00eddo o que tiene dificultades para concentrarse? Ver c\u00f3mo lucha con tareas cotidianas puede ser angustiante. Si sospechas que tu hijo puede tener Trastorno por D\u00e9ficit de Atenci\u00f3n e Hiperactividad (TDAH), estamos aqu\u00ed para ayudarte a entender, diagnosticar y manejar el TDAH de manera efectiva.\u00a0 Pedir una consulta GRATUITA [&hellip;]<\/p>\n","protected":false},"author":1,"featured_media":0,"parent":0,"menu_order":0,"comment_status":"closed","ping_status":"closed","template":"elementor_header_footer","meta":{"inline_featured_image":false,"ocean_post_layout":"","ocean_both_sidebars_style":"","ocean_both_sidebars_content_width":0,"ocean_both_sidebars_sidebars_width":0,"ocean_sidebar":"","ocean_second_sidebar":"","ocean_disable_margins":"enable","ocean_add_body_class":"","ocean_shortcode_before_top_bar":"","ocean_shortcode_after_top_bar":"","ocean_shortcode_before_header":"","ocean_shortcode_after_header":"","ocean_has_shortcode":"","ocean_shortcode_after_title":"","ocean_shortcode_before_footer_widgets":"","ocean_shortcode_after_footer_widgets":"","ocean_shortcode_before_footer_bottom":"","ocean_shortcode_after_footer_bottom":"","ocean_display_top_bar":"default","ocean_display_header":"default","ocean_header_style":"","ocean_center_header_left_menu":"","ocean_custom_header_template":"","ocean_custom_logo":0,"ocean_custom_retina_logo":0,"ocean_custom_logo_max_width":0,"ocean_custom_logo_tablet_max_width":0,"ocean_custom_logo_mobile_max_width":0,"ocean_custom_logo_max_height":0,"ocean_custom_logo_tablet_max_height":0,"ocean_custom_logo_mobile_max_height":0,"ocean_header_custom_menu":"","ocean_menu_typo_font_family":"","ocean_menu_typo_font_subset":"","ocean_menu_typo_font_size":0,"ocean_menu_typo_font_size_tablet":0,"ocean_menu_typo_font_size_mobile":0,"ocean_menu_typo_font_size_unit":"px","ocean_menu_typo_font_weight":"","ocean_menu_typo_font_weight_tablet":"","ocean_menu_typo_font_weight_mobile":"","ocean_menu_typo_transform":"","ocean_menu_typo_transform_tablet":"","ocean_menu_typo_transform_mobile":"","ocean_menu_typo_line_height":0,"ocean_menu_typo_line_height_tablet":0,"ocean_menu_typo_line_height_mobile":0,"ocean_menu_typo_line_height_unit":"","ocean_menu_typo_spacing":0,"ocean_menu_typo_spacing_tablet":0,"ocean_menu_typo_spacing_mobile":0,"ocean_menu_typo_spacing_unit":"","ocean_menu_link_color":"","ocean_menu_link_color_hover":"","ocean_menu_link_color_active":"","ocean_menu_link_background":"","ocean_menu_link_hover_background":"","ocean_menu_link_active_background":"","ocean_menu_social_links_bg":"","ocean_menu_social_hover_links_bg":"","ocean_menu_social_links_color":"","ocean_menu_social_hover_links_color":"","ocean_disable_title":"default","ocean_disable_heading":"default","ocean_post_title":"","ocean_post_subheading":"","ocean_post_title_style":"","ocean_post_title_background_color":"","ocean_post_title_background":0,"ocean_post_title_bg_image_position":"","ocean_post_title_bg_image_attachment":"","ocean_post_title_bg_image_repeat":"","ocean_post_title_bg_image_size":"","ocean_post_title_height":0,"ocean_post_title_bg_overlay":0.5,"ocean_post_title_bg_overlay_color":"","ocean_disable_breadcrumbs":"default","ocean_breadcrumbs_color":"","ocean_breadcrumbs_separator_color":"","ocean_breadcrumbs_links_color":"","ocean_breadcrumbs_links_hover_color":"","ocean_display_footer_widgets":"default","ocean_display_footer_bottom":"default","ocean_custom_footer_template":"","footnotes":""},"class_list":["post-2065","page","type-page","status-publish","hentry","entry"],"_links":{"self":[{"href":"https:\/\/ancladospsicologia.com\/index.php?rest_route=\/wp\/v2\/pages\/2065","targetHints":{"allow":["GET"]}}],"collection":[{"href":"https:\/\/ancladospsicologia.com\/index.php?rest_route=\/wp\/v2\/pages"}],"about":[{"href":"https:\/\/ancladospsicologia.com\/index.php?rest_route=\/wp\/v2\/types\/page"}],"author":[{"embeddable":true,"href":"https:\/\/ancladospsicologia.com\/index.php?rest_route=\/wp\/v2\/users\/1"}],"replies":[{"embeddable":true,"href":"https:\/\/ancladospsicologia.com\/index.php?rest_route=%2Fwp%2Fv2%2Fcomments&post=2065"}],"version-history":[{"count":10,"href":"https:\/\/ancladospsicologia.com\/index.php?rest_route=\/wp\/v2\/pages\/2065\/revisions"}],"predecessor-version":[{"id":2077,"href":"https:\/\/ancladospsicologia.com\/index.php?rest_route=\/wp\/v2\/pages\/2065\/revisions\/2077"}],"wp:attachment":[{"href":"https:\/\/ancladospsicologia.com\/index.php?rest_route=%2Fwp%2Fv2%2Fmedia&parent=2065"}],"curies":[{"name":"wp","href":"https:\/\/api.w.org\/{rel}","templated":true}]}}